{"id":125,"date":"2023-01-11T02:16:51","date_gmt":"2023-01-11T02:16:51","guid":{"rendered":"http:\/\/gice2.unimagdalena.edu.co\/wp\/?page_id=125"},"modified":"2024-02-23T12:51:49","modified_gmt":"2024-02-23T12:51:49","slug":"acerca-de-gice","status":"publish","type":"page","link":"http:\/\/gice2.unimagdalena.edu.co\/wp\/?page_id=125","title":{"rendered":"Acerca de GICE"},"content":{"rendered":"\n<figure class=\"wp-block-table\"><table style=\"border-style:none;border-width:0px\"><tbody><tr><td>&nbsp;<\/td><\/tr><\/tbody><\/table><\/figure>\n\n\n\n<div class=\"wp-block-columns is-layout-flex wp-container-core-columns-is-layout-28f84493 wp-block-columns-is-layout-flex\">\n<div class=\"wp-block-column is-layout-flow wp-block-column-is-layout-flow\">\n<div class=\"wp-block-media-text has-media-on-the-right is-stacked-on-mobile is-image-fill has-ast-global-color-0-background-color has-background\"><div class=\"wp-block-media-text__content\">\n<p class=\"has-text-align-right has-ast-global-color-5-color has-text-color has-large-font-size\" style=\"margin-bottom:var(--wp--preset--spacing--20)\">Misi\u00f3n <\/p>\n\n\n\n<p class=\"has-text-align-right has-ast-global-color-5-color has-text-color\" style=\"padding-right:var(--wp--preset--spacing--20);padding-left:var(--wp--preset--spacing--60);line-height:1.3\"><\/p>\n<\/div><figure class=\"wp-block-media-text__media\" style=\"background-image:url(http:\/\/gice2.unimagdalena.edu.co\/wp\/wp-content\/uploads\/2023\/01\/mison_640.jpg);background-position:50% 50%\"><img fetchpriority=\"high\" decoding=\"async\" width=\"640\" height=\"418\" src=\"http:\/\/gice2.unimagdalena.edu.co\/wp\/wp-content\/uploads\/2023\/01\/mison_640.jpg\" alt=\"\" class=\"wp-image-74 size-full\" srcset=\"http:\/\/gice2.unimagdalena.edu.co\/wp\/wp-content\/uploads\/2023\/01\/mison_640.jpg 640w, http:\/\/gice2.unimagdalena.edu.co\/wp\/wp-content\/uploads\/2023\/01\/mison_640-300x196.jpg 300w\" sizes=\"(max-width: 640px) 100vw, 640px\" \/><\/figure><\/div>\n\n\n\n<div class=\"wp-block-media-text has-media-on-the-right is-stacked-on-mobile is-image-fill has-ast-global-color-0-background-color has-background\"><div class=\"wp-block-media-text__content\">\n<p class=\"has-text-align-right has-ast-global-color-5-color has-text-color has-large-font-size\" style=\"margin-bottom:var(--wp--preset--spacing--20)\">Misi\u00f3n <\/p>\n\n\n\n<p class=\"has-text-align-right has-ast-global-color-5-color has-text-color\" style=\"padding-right:var(--wp--preset--spacing--20);padding-left:var(--wp--preset--spacing--60);line-height:1.3\"><\/p>\n<\/div><figure class=\"wp-block-media-text__media\" style=\"background-image:url(http:\/\/gice2.unimagdalena.edu.co\/wp\/wp-content\/uploads\/2023\/01\/mison_640.jpg);background-position:50% 50%\"><img fetchpriority=\"high\" decoding=\"async\" width=\"640\" height=\"418\" src=\"http:\/\/gice2.unimagdalena.edu.co\/wp\/wp-content\/uploads\/2023\/01\/mison_640.jpg\" alt=\"\" class=\"wp-image-74 size-full\" srcset=\"http:\/\/gice2.unimagdalena.edu.co\/wp\/wp-content\/uploads\/2023\/01\/mison_640.jpg 640w, http:\/\/gice2.unimagdalena.edu.co\/wp\/wp-content\/uploads\/2023\/01\/mison_640-300x196.jpg 300w\" sizes=\"(max-width: 640px) 100vw, 640px\" \/><\/figure><\/div>\n\n\n\n<div class=\"wp-block-media-text is-stacked-on-mobile is-image-fill has-ast-global-color-5-background-color has-background\"><figure class=\"wp-block-media-text__media\" style=\"background-image:url(http:\/\/gice2.unimagdalena.edu.co\/wp\/wp-content\/uploads\/2023\/01\/vision_640.jpg);background-position:50% 50%\"><img decoding=\"async\" width=\"640\" height=\"427\" src=\"http:\/\/gice2.unimagdalena.edu.co\/wp\/wp-content\/uploads\/2023\/01\/vision_640.jpg\" alt=\"\" class=\"wp-image-77 size-full\" srcset=\"http:\/\/gice2.unimagdalena.edu.co\/wp\/wp-content\/uploads\/2023\/01\/vision_640.jpg 640w, http:\/\/gice2.unimagdalena.edu.co\/wp\/wp-content\/uploads\/2023\/01\/vision_640-300x200.jpg 300w\" sizes=\"(max-width: 640px) 100vw, 640px\" \/><\/figure><div class=\"wp-block-media-text__content\">\n<p class=\"has-text-align-left has-ast-global-color-1-color has-text-color has-large-font-size\" style=\"margin-bottom:var(--wp--preset--spacing--20)\">Visi\u00f3n<\/p>\n\n\n\n<p class=\"has-text-align-left has-ast-global-color-2-color has-text-color\" style=\"padding-right:var(--wp--preset--spacing--20);padding-left:var(--wp--preset--spacing--60);line-height:1.3\"><\/p>\n<\/div><\/div>\n<\/div>\n<\/div>\n\n\n\n<div class=\"wp-block-columns has-ast-global-color-5-color has-ast-global-color-0-background-color has-text-color has-background is-layout-flex wp-container-core-columns-is-layout-28f84493 wp-block-columns-is-layout-flex\">\n<div class=\"wp-block-column is-vertically-aligned-center is-layout-flow wp-block-column-is-layout-flow\">\n<p class=\"has-text-align-right has-ast-global-color-5-color has-ast-global-color-0-background-color has-text-color has-background has-large-font-size\">Objetivos<\/p>\n<\/div>\n\n\n\n<div class=\"wp-block-column has-ast-global-color-0-background-color has-background is-layout-flow wp-block-column-is-layout-flow\">\n<ul class=\"wp-block-list\">\n<li><mark style=\"background-color:rgba(0, 0, 0, 0)\" class=\"has-inline-color has-ast-global-color-5-color\">Desarrollar investigaciones en el campo curricular y evaluativo teniendo como premisas b\u00e1sicas la problem\u00e1tica de la calidad de la educaci\u00f3n a nivel local y regional y el avance educativo.<\/mark><\/li>\n\n\n\n<li><mark style=\"background-color:rgba(0, 0, 0, 0)\" class=\"has-inline-color has-ast-global-color-5-color\">Desarrollar proyectos que posibiliten el avance de las l\u00edneas de investigaci\u00f3n en el \u00e1rea.<\/mark><\/li>\n\n\n\n<li><mark style=\"background-color:rgba(0, 0, 0, 0)\" class=\"has-inline-color has-ast-global-color-5-color\">Consolidar el grupo de investigaci\u00f3n por su producci\u00f3n cient\u00edfica a nivel regional, nacional e internacional.<\/mark><\/li>\n\n\n\n<li><mark style=\"background-color:rgba(0, 0, 0, 0)\" class=\"has-inline-color has-ast-global-color-5-color\">Intercambiar experiencias educativas en torno al curr\u00edculuo y la evaluaci\u00f3n.<\/mark><\/li>\n\n\n\n<li><mark style=\"background-color:rgba(0, 0, 0, 0)\" class=\"has-inline-color has-ast-global-color-5-color\">Desarrollar proyectos de extensi\u00f3n producto de la investigaci\u00f3n.<\/mark><\/li>\n<\/ul>\n<\/div>\n<\/div>\n\n\n\n<div class=\"inherit-container-width wp-block-group has-white-color has-text-color has-background has-link-color wp-elements-fe523bdd1f370571df792538cb077ff8 is-layout-constrained wp-container-core-group-is-layout-6df63753 wp-block-group-is-layout-constrained\" style=\"border-style:none;border-width:0px;background:linear-gradient(135deg,rgb(2,3,129) 100%,rgb(40,116,252) 100%);padding-top:1em;padding-right:0;padding-bottom:1em;padding-left:0\"><div class=\"wp-block-group__inner-container\">\n<div class=\"wp-block-columns is-layout-flex wp-container-core-columns-is-layout-28f84493 wp-block-columns-is-layout-flex\">\n<div class=\"wp-block-column is-layout-flow wp-block-column-is-layout-flow\">\n<figure class=\"wp-block-table has-small-font-size\" style=\"line-height:1.2\"><table class=\"has-ast-global-color-5-color has-text-color\" style=\"border-style:none;border-width:0px\"><tbody><tr><td class=\"has-text-align-right\" data-align=\"right\"><\/td><td class=\"has-text-align-center\" data-align=\"center\"><img decoding=\"async\" width=\"900\" height=\"90\" class=\"wp-image-657\" style=\"width: 900px;\" src=\"http:\/\/gice2.unimagdalena.edu.co\/wp\/wp-content\/uploads\/2023\/01\/PARTE-2-OEUM-WEB-1.png\" alt=\"\" srcset=\"http:\/\/gice2.unimagdalena.edu.co\/wp\/wp-content\/uploads\/2023\/01\/PARTE-2-OEUM-WEB-1.png 3000w, http:\/\/gice2.unimagdalena.edu.co\/wp\/wp-content\/uploads\/2023\/01\/PARTE-2-OEUM-WEB-1-300x30.png 300w, http:\/\/gice2.unimagdalena.edu.co\/wp\/wp-content\/uploads\/2023\/01\/PARTE-2-OEUM-WEB-1-1024x102.png 1024w, http:\/\/gice2.unimagdalena.edu.co\/wp\/wp-content\/uploads\/2023\/01\/PARTE-2-OEUM-WEB-1-768x77.png 768w, http:\/\/gice2.unimagdalena.edu.co\/wp\/wp-content\/uploads\/2023\/01\/PARTE-2-OEUM-WEB-1-1536x154.png 1536w, http:\/\/gice2.unimagdalena.edu.co\/wp\/wp-content\/uploads\/2023\/01\/PARTE-2-OEUM-WEB-1-2048x205.png 2048w\" sizes=\"(max-width: 900px) 100vw, 900px\" \/><\/td><td><\/td><\/tr><\/tbody><\/table><\/figure>\n<\/div>\n<\/div>\n<\/div><\/div>\n\n\n\n<div class=\"inherit-container-width wp-block-group has-white-color has-text-color has-background has-link-color wp-elements-ce06d8b621ec27a4f7e9304b2f2469f8 is-layout-constrained wp-container-core-group-is-layout-6df63753 wp-block-group-is-layout-constrained\" style=\"border-style:none;border-width:0px;background:linear-gradient(135deg,rgb(2,3,129) 100%,rgb(40,116,252) 100%);padding-top:1em;padding-right:0;padding-bottom:1em;padding-left:0\"><div class=\"wp-block-group__inner-container\">\n<div class=\"wp-block-columns is-layout-flex wp-container-core-columns-is-layout-28f84493 wp-block-columns-is-layout-flex\">\n<div class=\"wp-block-column is-layout-flow wp-block-column-is-layout-flow\">\n<figure class=\"wp-block-table has-small-font-size\" style=\"line-height:1.2\"><table class=\"has-ast-global-color-5-color has-text-color\" style=\"border-style:none;border-width:0px\"><tbody><tr><td class=\"has-text-align-right\" data-align=\"right\"><\/td><td class=\"has-text-align-center\" data-align=\"center\"><img loading=\"lazy\" decoding=\"async\" width=\"900\" height=\"90\" class=\"wp-image-645\" style=\"width: 900px;\" src=\"http:\/\/gice2.unimagdalena.edu.co\/wp\/wp-content\/uploads\/2023\/01\/1.png\" alt=\"\" srcset=\"http:\/\/gice2.unimagdalena.edu.co\/wp\/wp-content\/uploads\/2023\/01\/1.png 3000w, http:\/\/gice2.unimagdalena.edu.co\/wp\/wp-content\/uploads\/2023\/01\/1-300x30.png 300w, http:\/\/gice2.unimagdalena.edu.co\/wp\/wp-content\/uploads\/2023\/01\/1-1024x102.png 1024w, http:\/\/gice2.unimagdalena.edu.co\/wp\/wp-content\/uploads\/2023\/01\/1-768x77.png 768w, http:\/\/gice2.unimagdalena.edu.co\/wp\/wp-content\/uploads\/2023\/01\/1-1536x154.png 1536w, http:\/\/gice2.unimagdalena.edu.co\/wp\/wp-content\/uploads\/2023\/01\/1-2048x205.png 2048w\" sizes=\"(max-width: 900px) 100vw, 900px\" \/><\/td><td><\/td><\/tr><\/tbody><\/table><\/figure>\n<\/div>\n<\/div>\n<\/div><\/div>\n","protected":false},"excerpt":{"rendered":"<p>&nbsp; Misi\u00f3n Misi\u00f3n Visi\u00f3n Objetivos<\/p>\n","protected":false},"author":1,"featured_media":0,"parent":0,"menu_order":0,"comment_status":"closed","ping_status":"closed","template":"","meta":{"site-sidebar-layout":"default","site-content-layout":"plain-container","ast-site-content-layout":"default","site-content-style":"unboxed","site-sidebar-style":"unboxed","ast-global-header-display":"","ast-banner-title-visibility":"","ast-main-header-display":"","ast-hfb-above-header-display":"","ast-hfb-below-header-display":"","ast-hfb-mobile-header-display":"","site-post-title":"disabled","ast-breadcrumbs-content":"","ast-featured-img":"","footer-sml-layout":"","theme-transparent-header-meta":"","adv-header-id-meta":"","stick-header-meta":"","header-above-stick-meta":"","header-main-stick-meta":"","header-below-stick-meta":"","astra-migrate-meta-layouts":"set","ast-page-background-enabled":"default","ast-page-background-meta":{"desktop":{"background-color":"","background-image":"","background-repeat":"repeat","background-position":"center center","background-size":"auto","background-attachment":"scroll","background-type":"","background-media":"","overlay-type":"","overlay-color":"","overlay-gradient":""},"tablet":{"background-color":"","background-image":"","background-repeat":"repeat","background-position":"center center","background-size":"auto","background-attachment":"scroll","background-type":"","background-media":"","overlay-type":"","overlay-color":"","overlay-gradient":""},"mobile":{"background-color":"","background-image":"","background-repeat":"repeat","background-position":"center center","background-size":"auto","background-attachment":"scroll","background-type":"","background-media":"","overlay-type":"","overlay-color":"","overlay-gradient":""}},"ast-content-background-meta":{"desktop":{"background-color":"var(--ast-global-color-5)","background-image":"","background-repeat":"repeat","background-position":"center center","background-size":"auto","background-attachment":"scroll","background-type":"","background-media":"","overlay-type":"","overlay-color":"","overlay-gradient":""},"tablet":{"background-color":"var(--ast-global-color-5)","background-image":"","background-repeat":"repeat","background-position":"center center","background-size":"auto","background-attachment":"scroll","background-type":"","background-media":"","overlay-type":"","overlay-color":"","overlay-gradient":""},"mobile":{"background-color":"var(--ast-global-color-5)","background-image":"","background-repeat":"repeat","background-position":"center center","background-size":"auto","background-attachment":"scroll","background-type":"","background-media":"","overlay-type":"","overlay-color":"","overlay-gradient":""}},"footnotes":""},"class_list":["post-125","page","type-page","status-publish","hentry"],"_links":{"self":[{"href":"http:\/\/gice2.unimagdalena.edu.co\/wp\/index.php?rest_route=\/wp\/v2\/pages\/125","targetHints":{"allow":["GET"]}}],"collection":[{"href":"http:\/\/gice2.unimagdalena.edu.co\/wp\/index.php?rest_route=\/wp\/v2\/pages"}],"about":[{"href":"http:\/\/gice2.unimagdalena.edu.co\/wp\/index.php?rest_route=\/wp\/v2\/types\/page"}],"author":[{"embeddable":true,"href":"http:\/\/gice2.unimagdalena.edu.co\/wp\/index.php?rest_route=\/wp\/v2\/users\/1"}],"replies":[{"embeddable":true,"href":"http:\/\/gice2.unimagdalena.edu.co\/wp\/index.php?rest_route=%2Fwp%2Fv2%2Fcomments&post=125"}],"version-history":[{"count":71,"href":"http:\/\/gice2.unimagdalena.edu.co\/wp\/index.php?rest_route=\/wp\/v2\/pages\/125\/revisions"}],"predecessor-version":[{"id":1056,"href":"http:\/\/gice2.unimagdalena.edu.co\/wp\/index.php?rest_route=\/wp\/v2\/pages\/125\/revisions\/1056"}],"wp:attachment":[{"href":"http:\/\/gice2.unimagdalena.edu.co\/wp\/index.php?rest_route=%2Fwp%2Fv2%2Fmedia&parent=125"}],"curies":[{"name":"wp","href":"https:\/\/api.w.org\/{rel}","templated":true}]}}