{"id":20,"date":"2023-01-07T23:55:36","date_gmt":"2023-01-07T23:55:36","guid":{"rendered":"http:\/\/gice2.unimagdalena.edu.co\/wp\/?page_id=20"},"modified":"2023-04-11T15:06:55","modified_gmt":"2023-04-11T15:06:55","slug":"instrumentos","status":"publish","type":"page","link":"http:\/\/gice2.unimagdalena.edu.co\/wp\/?page_id=20","title":{"rendered":"Instrumentos"},"content":{"rendered":"\n<table cellspacing=\"0\" cellpadding=\"2\" border=\"0\" align=\"center\">\n        <tbody><tr>\n            <td colspan=\"3\" class=\"textoParrafosNegrita\" height=\"18\"><p align=\"center\">M\u00d3DULO PARA EL DILIGENCIAMIENTO DE INSTRUMENTOS<\/p>\n              <input type=\"hidden\" name=\"op\" value=\"login\" readonly=\"readonly\">\n            <\/td>\n        <\/tr>\n        <tr>\n            <td rowspan=\"4\" class=\"subHeader\" width=\"197\" align=\"center\"><\/td>\n            <td class=\"bodyText\" width=\"320\" align=\"center\">\n\t\t\tPara ingresar a la p\u00e1gina digite su c\u00f3digo:\n            <\/td>\n            <td class=\"bodyText\" width=\"215\" valign=\"top\" height=\"32\">&nbsp;<\/td>\n        <\/tr>\n                <tr>\n            <td height=\"31\" align=\"center\"><span class=\"bodyText\"><strong>&nbsp;C\u00f3digo:&nbsp;&nbsp;&nbsp;&nbsp;&nbsp;<\/strong>\n                    <input type=\"text\" name=\"codigo\" id=\"codigo\" class=\"bodyText\">\n                <\/span><\/td>\n            <td class=\"bodyText\" valign=\"top\">&nbsp;<\/td>\n        <\/tr>\n        <tr>\n            <td height=\"28\" align=\"center\">\n                <input type=\"submit\" name=\"enviarCodigo\" id=\"enviarCodigo\" value=\"Ingresar\" class=\"textoBoton\">\n                <input type=\"button\" value=\"Regresar\" class=\"textoBoton\" onclick=\"window.location = 'index.php'\">\n            <\/td>\n            <td valign=\"top\">&nbsp;<\/td>\n        <\/tr>\n        <tr>\n            <td height=\"26\">&nbsp;<\/td>\n            <td valign=\"top\">&nbsp;<\/td>\n        <\/tr>\n    <\/tbody><\/table>\n\n\n\n<div class=\"inherit-container-width wp-block-group has-white-color has-text-color has-background has-link-color wp-elements-fe523bdd1f370571df792538cb077ff8 is-layout-constrained wp-container-core-group-is-layout-6df63753 wp-block-group-is-layout-constrained\" style=\"border-style:none;border-width:0px;background:linear-gradient(135deg,rgb(2,3,129) 100%,rgb(40,116,252) 100%);padding-top:1em;padding-right:0;padding-bottom:1em;padding-left:0\"><div class=\"wp-block-group__inner-container\">\n<div class=\"wp-block-columns is-layout-flex wp-container-core-columns-is-layout-28f84493 wp-block-columns-is-layout-flex\">\n<div class=\"wp-block-column is-layout-flow wp-block-column-is-layout-flow\">\n<figure class=\"wp-block-table has-small-font-size\" style=\"line-height:1.2\"><table class=\"has-ast-global-color-5-color has-text-color\" style=\"border-style:none;border-width:0px\"><tbody><tr><td class=\"has-text-align-right\" data-align=\"right\"><\/td><td class=\"has-text-align-center\" data-align=\"center\"><img fetchpriority=\"high\" decoding=\"async\" width=\"900\" height=\"90\" class=\"wp-image-657\" style=\"width: 900px;\" src=\"http:\/\/gice2.unimagdalena.edu.co\/wp\/wp-content\/uploads\/2023\/01\/PARTE-2-OEUM-WEB-1.png\" alt=\"\" srcset=\"http:\/\/gice2.unimagdalena.edu.co\/wp\/wp-content\/uploads\/2023\/01\/PARTE-2-OEUM-WEB-1.png 3000w, http:\/\/gice2.unimagdalena.edu.co\/wp\/wp-content\/uploads\/2023\/01\/PARTE-2-OEUM-WEB-1-300x30.png 300w, http:\/\/gice2.unimagdalena.edu.co\/wp\/wp-content\/uploads\/2023\/01\/PARTE-2-OEUM-WEB-1-1024x102.png 1024w, http:\/\/gice2.unimagdalena.edu.co\/wp\/wp-content\/uploads\/2023\/01\/PARTE-2-OEUM-WEB-1-768x77.png 768w, http:\/\/gice2.unimagdalena.edu.co\/wp\/wp-content\/uploads\/2023\/01\/PARTE-2-OEUM-WEB-1-1536x154.png 1536w, http:\/\/gice2.unimagdalena.edu.co\/wp\/wp-content\/uploads\/2023\/01\/PARTE-2-OEUM-WEB-1-2048x205.png 2048w\" sizes=\"(max-width: 900px) 100vw, 900px\" \/><\/td><td><\/td><\/tr><\/tbody><\/table><\/figure>\n<\/div>\n<\/div>\n<\/div><\/div>\n\n\n\n<div class=\"inherit-container-width wp-block-group has-white-color has-text-color has-background has-link-color wp-elements-ce06d8b621ec27a4f7e9304b2f2469f8 is-layout-constrained wp-container-core-group-is-layout-6df63753 wp-block-group-is-layout-constrained\" style=\"border-style:none;border-width:0px;background:linear-gradient(135deg,rgb(2,3,129) 100%,rgb(40,116,252) 100%);padding-top:1em;padding-right:0;padding-bottom:1em;padding-left:0\"><div class=\"wp-block-group__inner-container\">\n<div class=\"wp-block-columns is-layout-flex wp-container-core-columns-is-layout-28f84493 wp-block-columns-is-layout-flex\">\n<div class=\"wp-block-column is-layout-flow wp-block-column-is-layout-flow\">\n<figure class=\"wp-block-table has-small-font-size\" style=\"line-height:1.2\"><table class=\"has-ast-global-color-5-color has-text-color\" style=\"border-style:none;border-width:0px\"><tbody><tr><td class=\"has-text-align-right\" data-align=\"right\"><\/td><td class=\"has-text-align-center\" data-align=\"center\"><img decoding=\"async\" width=\"900\" height=\"90\" class=\"wp-image-645\" style=\"width: 900px;\" src=\"http:\/\/gice2.unimagdalena.edu.co\/wp\/wp-content\/uploads\/2023\/01\/1.png\" alt=\"\" srcset=\"http:\/\/gice2.unimagdalena.edu.co\/wp\/wp-content\/uploads\/2023\/01\/1.png 3000w, http:\/\/gice2.unimagdalena.edu.co\/wp\/wp-content\/uploads\/2023\/01\/1-300x30.png 300w, http:\/\/gice2.unimagdalena.edu.co\/wp\/wp-content\/uploads\/2023\/01\/1-1024x102.png 1024w, http:\/\/gice2.unimagdalena.edu.co\/wp\/wp-content\/uploads\/2023\/01\/1-768x77.png 768w, http:\/\/gice2.unimagdalena.edu.co\/wp\/wp-content\/uploads\/2023\/01\/1-1536x154.png 1536w, http:\/\/gice2.unimagdalena.edu.co\/wp\/wp-content\/uploads\/2023\/01\/1-2048x205.png 2048w\" sizes=\"(max-width: 900px) 100vw, 900px\" \/><\/td><td><\/td><\/tr><\/tbody><\/table><\/figure>\n<\/div>\n<\/div>\n<\/div><\/div>\n","protected":false},"excerpt":{"rendered":"<p>M\u00d3DULO PARA EL DILIGENCIAMIENTO DE INSTRUMENTOS Para ingresar a la p\u00e1gina digite su c\u00f3digo: &nbsp; &nbsp;C\u00f3digo:&nbsp;&nbsp;&nbsp;&nbsp;&nbsp; &nbsp; &nbsp; &nbsp; &nbsp;<\/p>\n","protected":false},"author":1,"featured_media":0,"parent":0,"menu_order":0,"comment_status":"closed","ping_status":"closed","template":"","meta":{"site-sidebar-layout":"default","site-content-layout":"default","ast-site-content-layout":"","site-content-style":"default","site-sidebar-style":"default","ast-global-header-display":"","ast-banner-title-visibility":"","ast-main-header-display":"","ast-hfb-above-header-display":"","ast-hfb-below-header-display":"","ast-hfb-mobile-header-display":"","site-post-title":"disabled","ast-breadcrumbs-content":"","ast-featured-img":"","footer-sml-layout":"","theme-transparent-header-meta":"default","adv-header-id-meta":"","stick-header-meta":"","header-above-stick-meta":"","header-main-stick-meta":"","header-below-stick-meta":"","astra-migrate-meta-layouts":"default","ast-page-background-enabled":"default","ast-page-background-meta":{"desktop":{"background-color":"","background-image":"","background-repeat":"repeat","background-position":"center center","background-size":"auto","background-attachment":"scroll","background-type":"","background-media":"","overlay-type":"","overlay-color":"","overlay-gradient":""},"tablet":{"background-color":"","background-image":"","background-repeat":"repeat","background-position":"center center","background-size":"auto","background-attachment":"scroll","background-type":"","background-media":"","overlay-type":"","overlay-color":"","overlay-gradient":""},"mobile":{"background-color":"","background-image":"","background-repeat":"repeat","background-position":"center center","background-size":"auto","background-attachment":"scroll","background-type":"","background-media":"","overlay-type":"","overlay-color":"","overlay-gradient":""}},"ast-content-background-meta":{"desktop":{"background-color":"var(--ast-global-color-5)","background-image":"","background-repeat":"repeat","background-position":"center center","background-size":"auto","background-attachment":"scroll","background-type":"","background-media":"","overlay-type":"","overlay-color":"","overlay-gradient":""},"tablet":{"background-color":"var(--ast-global-color-5)","background-image":"","background-repeat":"repeat","background-position":"center center","background-size":"auto","background-attachment":"scroll","background-type":"","background-media":"","overlay-type":"","overlay-color":"","overlay-gradient":""},"mobile":{"background-color":"var(--ast-global-color-5)","background-image":"","background-repeat":"repeat","background-position":"center center","background-size":"auto","background-attachment":"scroll","background-type":"","background-media":"","overlay-type":"","overlay-color":"","overlay-gradient":""}},"footnotes":""},"class_list":["post-20","page","type-page","status-publish","hentry"],"_links":{"self":[{"href":"http:\/\/gice2.unimagdalena.edu.co\/wp\/index.php?rest_route=\/wp\/v2\/pages\/20","targetHints":{"allow":["GET"]}}],"collection":[{"href":"http:\/\/gice2.unimagdalena.edu.co\/wp\/index.php?rest_route=\/wp\/v2\/pages"}],"about":[{"href":"http:\/\/gice2.unimagdalena.edu.co\/wp\/index.php?rest_route=\/wp\/v2\/types\/page"}],"author":[{"embeddable":true,"href":"http:\/\/gice2.unimagdalena.edu.co\/wp\/index.php?rest_route=\/wp\/v2\/users\/1"}],"replies":[{"embeddable":true,"href":"http:\/\/gice2.unimagdalena.edu.co\/wp\/index.php?rest_route=%2Fwp%2Fv2%2Fcomments&post=20"}],"version-history":[{"count":4,"href":"http:\/\/gice2.unimagdalena.edu.co\/wp\/index.php?rest_route=\/wp\/v2\/pages\/20\/revisions"}],"predecessor-version":[{"id":793,"href":"http:\/\/gice2.unimagdalena.edu.co\/wp\/index.php?rest_route=\/wp\/v2\/pages\/20\/revisions\/793"}],"wp:attachment":[{"href":"http:\/\/gice2.unimagdalena.edu.co\/wp\/index.php?rest_route=%2Fwp%2Fv2%2Fmedia&parent=20"}],"curies":[{"name":"wp","href":"https:\/\/api.w.org\/{rel}","templated":true}]}}