{"id":26,"date":"2023-01-07T23:58:34","date_gmt":"2023-01-07T23:58:34","guid":{"rendered":"http:\/\/gice2.unimagdalena.edu.co\/wp\/?page_id=26"},"modified":"2023-01-10T13:35:55","modified_gmt":"2023-01-10T13:35:55","slug":"desarrolladores","status":"publish","type":"page","link":"http:\/\/gice2.unimagdalena.edu.co\/wp\/?page_id=26","title":{"rendered":"Desarrolladores"},"content":{"rendered":"<table style=\"margin-bottom:100px;\" width=\"100%\" cellspacing=\"0\" border=\"0\" align=\"center\">\n<tbody>\n<tr height=\"50px\" bgcolor=\"#FFFFFF\">\n<td colspan=\"2\" valign=\"middle\" height=\"50px\" align=\"center\">\n<h1 style=\"color:#003366; margin-bottom:50px; margin-top:50px;\" align=\"center\">Equipo que contribuy\u00f3 con la realizaci\u00f3n del aplicativo GICE 2.0<\/h1>\n<\/td>\n<\/tr>\n<tr height=\"50px\" bgcolor=\"#0673B6\">\n<td style=\"color:#FFF\" valign=\"middle\" align=\"right\">\n<p style=\"font-size:20px; font-style:italic; margin-top:10px; margin-bottom:10px;\">Gesti\u00f3n de la idea y definici\u00f3n de requerimientos<\/p>\n<\/td>\n<td style=\"color:#FFF;\" valign=\"middle\" align=\"left\">\n<ul style=\"font-size:20px; margin-bottom:10px; margin-top:10px;\">\n<li type=\"circle\">Dr. Rolando Escorcia, <i>Docente e investigador de la Univesidad del Magdalena.<\/i><\/li>\n<\/ul>\n<\/td>\n<\/tr>\n<tr height=\"50px\" bgcolor=\"#0673B6\">\n<td rowspan=\"2\" style=\"color:#FFF\" valign=\"middle\" align=\"right\">\n<p style=\"font-size:20px; font-style:italic; margin-top:10px; margin-bottom:10px;\">Dise\u00f1o, desarrollo web y pruebas funcionales<\/p>\n<\/td>\n<td style=\"color:#FFF\" width=\"50%\" align=\"left\">\n<ul style=\"font-size:20px; margin-bottom:10px; margin-top:10px;\">\n<li type=\"circle\">Dr. Rolando Escorcia<\/li>\n<li type=\"circle\">Ing. Juan Jos\u00e9 Mercado, <i>egresado de la Univesidad del Magdalena.<\/i><\/li>\n<li type=\"circle\">Ing. Eduardo Sarmiento, <i>egresado de la Univesidad del Magdalena.<\/i><\/li>\n<\/ul>\n<\/td>\n<\/tr>\n<\/tbody>\n<\/table>\n<table width=\"100%\" height=\"130\" cellspacing=\"0\" border=\"0\" background=\"wp-content\/uploads\/2023\/01\/foscuro.gif\">\n<tbody>\n<tr height=\"3\">\n<td bgcolor=\"#8DC540\"><\/td>\n<\/tr>\n<tr height=\"130&quot;\">\n<td width=\"200px\" valign=\"middle\" align=\"center\">\n<table>\n<tbody>\n<tr align=\"center\">\n<td>\n<div align=\"center\">\n<img decoding=\"async\" src=\"wp-content\/uploads\/2023\/01\/logo_Unimag.png\" align=\"absmiddle\"><\/div>\n<\/td>\n<td>\n<ul style=\"font-size:16px; color:#FFF;\">\n<li style=\"list-style:none;\">\n\tL\u00ednea Gratuita Nacional: 01 8000 516060. PBX: (57 &#8211; 5) 4217940<\/li>\n<li style=\"list-style:none;\">\n\tDirecci\u00f3n: Carrera 32 No 22 \u2013 08 Santa Marta D.T.C.H. &#8211; Colombia. C\u00f3digo Postal No. 470004<\/li>\n<li style=\"list-style:none;\">\n\t\t\t\t\t\t\t\t\tLa Universidad del Magdalena est\u00e1 sujeta a inspecci\u00f3n y vigilancia por el Ministerio de Educaci\u00f3n Nacional.<\/li>\n<li style=\"list-style:none;\">\n\t\t\t\t\t\t\t\t\t\t\t<i>Desarrollado por el Grupo de Investigaci\u00f3n en Curr\u00edculum y Evaluaci\u00f3n<\/i><\/li>\n<\/ul>\n<\/td>\n<\/tr>\n<\/tbody>\n<\/table>\n<\/td>\n<\/tr>\n<tr height=\"3\">\n<td bgcolor=\"#30B6FA\"><\/td>\n<\/tr>\n<\/tbody>\n<\/table>\n","protected":false},"excerpt":{"rendered":"<p>Equipo que contribuy\u00f3 con la realizaci\u00f3n del aplicativo GICE 2.0 Gesti\u00f3n de la idea y definici\u00f3n de requerimientos Dr. Rolando Escorcia, Docente e investigador de la Univesidad del Magdalena. Dise\u00f1o, desarrollo web y pruebas funcionales Dr. Rolando Escorcia Ing. Juan Jos\u00e9 Mercado, egresado de la Univesidad del Magdalena. Ing. Eduardo Sarmiento, egresado de la Univesidad [&hellip;]<\/p>\n","protected":false},"author":1,"featured_media":0,"parent":0,"menu_order":0,"comment_status":"closed","ping_status":"closed","template":"","meta":{"site-sidebar-layout":"default","site-content-layout":"default","ast-site-content-layout":"","site-content-style":"default","site-sidebar-style":"default","ast-global-header-display":"","ast-banner-title-visibility":"","ast-main-header-display":"","ast-hfb-above-header-display":"","ast-hfb-below-header-display":"","ast-hfb-mobile-header-display":"","site-post-title":"disabled","ast-breadcrumbs-content":"","ast-featured-img":"","footer-sml-layout":"","theme-transparent-header-meta":"default","adv-header-id-meta":"","stick-header-meta":"","header-above-stick-meta":"","header-main-stick-meta":"","header-below-stick-meta":"","astra-migrate-meta-layouts":"default","ast-page-background-enabled":"default","ast-page-background-meta":{"desktop":{"background-color":"","background-image":"","background-repeat":"repeat","background-position":"center center","background-size":"auto","background-attachment":"scroll","background-type":"","background-media":"","overlay-type":"","overlay-color":"","overlay-gradient":""},"tablet":{"background-color":"","background-image":"","background-repeat":"repeat","background-position":"center center","background-size":"auto","background-attachment":"scroll","background-type":"","background-media":"","overlay-type":"","overlay-color":"","overlay-gradient":""},"mobile":{"background-color":"","background-image":"","background-repeat":"repeat","background-position":"center center","background-size":"auto","background-attachment":"scroll","background-type":"","background-media":"","overlay-type":"","overlay-color":"","overlay-gradient":""}},"ast-content-background-meta":{"desktop":{"background-color":"var(--ast-global-color-5)","background-image":"","background-repeat":"repeat","background-position":"center center","background-size":"auto","background-attachment":"scroll","background-type":"","background-media":"","overlay-type":"","overlay-color":"","overlay-gradient":""},"tablet":{"background-color":"var(--ast-global-color-5)","background-image":"","background-repeat":"repeat","background-position":"center center","background-size":"auto","background-attachment":"scroll","background-type":"","background-media":"","overlay-type":"","overlay-color":"","overlay-gradient":""},"mobile":{"background-color":"var(--ast-global-color-5)","background-image":"","background-repeat":"repeat","background-position":"center center","background-size":"auto","background-attachment":"scroll","background-type":"","background-media":"","overlay-type":"","overlay-color":"","overlay-gradient":""}},"footnotes":""},"class_list":["post-26","page","type-page","status-publish","hentry"],"_links":{"self":[{"href":"http:\/\/gice2.unimagdalena.edu.co\/wp\/index.php?rest_route=\/wp\/v2\/pages\/26","targetHints":{"allow":["GET"]}}],"collection":[{"href":"http:\/\/gice2.unimagdalena.edu.co\/wp\/index.php?rest_route=\/wp\/v2\/pages"}],"about":[{"href":"http:\/\/gice2.unimagdalena.edu.co\/wp\/index.php?rest_route=\/wp\/v2\/types\/page"}],"author":[{"embeddable":true,"href":"http:\/\/gice2.unimagdalena.edu.co\/wp\/index.php?rest_route=\/wp\/v2\/users\/1"}],"replies":[{"embeddable":true,"href":"http:\/\/gice2.unimagdalena.edu.co\/wp\/index.php?rest_route=%2Fwp%2Fv2%2Fcomments&post=26"}],"version-history":[{"count":3,"href":"http:\/\/gice2.unimagdalena.edu.co\/wp\/index.php?rest_route=\/wp\/v2\/pages\/26\/revisions"}],"predecessor-version":[{"id":122,"href":"http:\/\/gice2.unimagdalena.edu.co\/wp\/index.php?rest_route=\/wp\/v2\/pages\/26\/revisions\/122"}],"wp:attachment":[{"href":"http:\/\/gice2.unimagdalena.edu.co\/wp\/index.php?rest_route=%2Fwp%2Fv2%2Fmedia&parent=26"}],"curies":[{"name":"wp","href":"https:\/\/api.w.org\/{rel}","templated":true}]}}