{"id":306,"date":"2023-01-13T06:12:14","date_gmt":"2023-01-13T06:12:14","guid":{"rendered":"http:\/\/gice2.unimagdalena.edu.co\/wp\/?page_id=306"},"modified":"2026-01-29T18:49:30","modified_gmt":"2026-01-29T18:49:30","slug":"acerca-de-oeum","status":"publish","type":"page","link":"http:\/\/gice2.unimagdalena.edu.co\/wp\/?page_id=306","title":{"rendered":"Acerca de OEUM"},"content":{"rendered":"\t\t<div data-elementor-type=\"wp-page\" data-elementor-id=\"306\" class=\"elementor elementor-306\">\n\t\t\t\t\t\t<section class=\"elementor-section elementor-top-section elementor-element elementor-element-7cd4ec2 elementor-section-boxed elementor-section-height-default elementor-section-height-default\" data-id=\"7cd4ec2\" data-element_type=\"section\">\n\t\t\t\t\t\t<div class=\"elementor-container elementor-column-gap-default\">\n\t\t\t\t\t<div class=\"elementor-column elementor-col-100 elementor-top-column elementor-element elementor-element-4fee971b\" data-id=\"4fee971b\" data-element_type=\"column\">\n\t\t\t<div class=\"elementor-widget-wrap elementor-element-populated\">\n\t\t\t\t\t\t<div class=\"elementor-element elementor-element-7b870f4a elementor-widget elementor-widget-text-editor\" data-id=\"7b870f4a\" data-element_type=\"widget\" data-widget_type=\"text-editor.default\">\n\t\t\t\t<div class=\"elementor-widget-container\">\n\t\t\t<style>\/*! elementor - v3.19.0 - 07-02-2024 *\/\n.elementor-widget-text-editor.elementor-drop-cap-view-stacked .elementor-drop-cap{background-color:#69727d;color:#fff}.elementor-widget-text-editor.elementor-drop-cap-view-framed .elementor-drop-cap{color:#69727d;border:3px solid;background-color:transparent}.elementor-widget-text-editor:not(.elementor-drop-cap-view-default) .elementor-drop-cap{margin-top:8px}.elementor-widget-text-editor:not(.elementor-drop-cap-view-default) .elementor-drop-cap-letter{width:1em;height:1em}.elementor-widget-text-editor .elementor-drop-cap{float:left;text-align:center;line-height:1;font-size:50px}.elementor-widget-text-editor .elementor-drop-cap-letter{display:inline-block}<\/style>\t\t\t\t<!-- wp:paragraph -->\n<p>\u00a0<\/p>\n<!-- \/wp:paragraph --><!-- wp:table {\"hasFixedLayout\":false,\"style\":{\"border\":{\"width\":\"0px\",\"style\":\"none\"}}} -->\n<figure class=\"wp-block-table\">\n<table style=\"border-style: none; border-width: 0px;\">\n<tbody>\n<tr>\n<td>\u00a0<\/td>\n<\/tr>\n<\/tbody>\n<\/table>\n<\/figure>\n<!-- \/wp:table --><!-- wp:paragraph -->\n<p>\u00a0<\/p>\n<!-- \/wp:paragraph --><!-- wp:media-text {\"align\":\"wide\",\"mediaId\":441,\"mediaLink\":\"http:\/\/gice2.unimagdalena.edu.co\/wp\/?attachment_id=441\",\"mediaType\":\"image\",\"mediaSizeSlug\":\"full\",\"imageFill\":false,\"className\":\"animated fadeInTopRight\",\"backgroundColor\":\"ast-global-color-0\",\"textColor\":\"ast-global-color-5\"} -->\n<div class=\"wp-block-media-text alignwide is-stacked-on-mobile animated fadeInTopRight has-ast-global-color-5-color has-ast-global-color-0-background-color has-text-color has-background\">\n<figure class=\"wp-block-media-text__media\"><img fetchpriority=\"high\" decoding=\"async\" width=\"729\" height=\"463\" class=\"wp-image-441 size-full\" src=\"http:\/\/gice2.unimagdalena.edu.co\/wp\/wp-content\/uploads\/2023\/01\/Siembra_Mision-1.jpg\" alt=\"\" srcset=\"http:\/\/gice2.unimagdalena.edu.co\/wp\/wp-content\/uploads\/2023\/01\/Siembra_Mision-1.jpg 729w, http:\/\/gice2.unimagdalena.edu.co\/wp\/wp-content\/uploads\/2023\/01\/Siembra_Mision-1-300x191.jpg 300w\" sizes=\"(max-width: 729px) 100vw, 729px\" \/><\/figure>\n<div class=\"wp-block-media-text__content\"><!-- wp:paragraph {\"placeholder\":\"Contenido\u2026\",\"style\":{\"spacing\":{\"padding\":{\"top\":\"var:preset|spacing|40\",\"right\":\"var:preset|spacing|40\",\"bottom\":\"var:preset|spacing|40\",\"left\":\"var:preset|spacing|40\"},\"margin\":{\"top\":\"var:preset|spacing|40\",\"right\":\"var:preset|spacing|40\",\"bottom\":\"var:preset|spacing|40\",\"left\":\"var:preset|spacing|40\"}}},\"textColor\":\"ast-global-color-5\",\"fontSize\":\"large\"} -->\n<p class=\"has-ast-global-color-5-color has-text-color has-large-font-size\" style=\"padding: var(--wp--preset--spacing--40); margin: var(--wp--preset--spacing--40);\"><strong>Misi\u00f3n<\/strong><\/p>\n<!-- \/wp:paragraph --><!-- wp:paragraph {\"style\":{\"spacing\":{\"margin\":{\"top\":\"var:preset|spacing|40\",\"right\":\"var:preset|spacing|40\",\"bottom\":\"var:preset|spacing|40\",\"left\":\"var:preset|spacing|40\"}}},\"textColor\":\"ast-global-color-5\"} -->\n<p class=\"has-ast-global-color-5-color has-text-color\" style=\"margin: var(--wp--preset--spacing--40);\">OEUM es un espacio acad\u00e9mico donde se realizan estudios, procesamientos, an\u00e1lisis e interpretaci\u00f3n de datos sobre educaci\u00f3n que sirvan de fundamento para conocer el estado y proyecci\u00f3n del sistema en relaci\u00f3n con la cobertura, calidad, equidad, gesti\u00f3n y eficiencia, en la perspectiva de aportar a las pol\u00edticas, planes, cambio y mejoramiento educativo.\u00a0\u00a0<\/p>\n<!-- \/wp:paragraph --><\/div>\n<\/div>\n<!-- \/wp:media-text --><!-- wp:table {\"hasFixedLayout\":false,\"style\":{\"border\":{\"width\":\"0px\",\"style\":\"none\"}}} -->\n<figure class=\"wp-block-table\">\n<table style=\"border-style: none; border-width: 0px;\">\n<tbody>\n<tr>\n<td>\u00a0<\/td>\n<\/tr>\n<\/tbody>\n<\/table>\n<\/figure>\n<!-- \/wp:table --><!-- wp:media-text {\"align\":\"wide\",\"mediaPosition\":\"right\",\"mediaId\":440,\"mediaLink\":\"http:\/\/gice2.unimagdalena.edu.co\/wp\/?attachment_id=440\",\"mediaType\":\"image\",\"imageFill\":false,\"className\":\"animated fadeInLeft\",\"backgroundColor\":\"ast-global-color-4\"} -->\n<div class=\"wp-block-media-text alignwide has-media-on-the-right is-stacked-on-mobile animated fadeInLeft has-ast-global-color-4-background-color has-background\">\n<div class=\"wp-block-media-text__content\"><!-- wp:paragraph {\"align\":\"right\",\"placeholder\":\"Contenido\u2026\",\"style\":{\"spacing\":{\"margin\":{\"top\":\"var:preset|spacing|50\",\"right\":\"var:preset|spacing|50\",\"bottom\":\"var:preset|spacing|50\",\"left\":\"var:preset|spacing|50\"},\"padding\":{\"top\":\"0\",\"right\":\"0\",\"bottom\":\"0\",\"left\":\"0\"}},\"typography\":{\"lineHeight\":\"0\"}},\"fontSize\":\"large\"} -->\n<p class=\"has-text-align-right has-large-font-size\" style=\"line-height: 0; padding: 0; margin: var(--wp--preset--spacing--50);\"><strong>Visi\u00f3n<\/strong><\/p>\n<!-- \/wp:paragraph --><!-- wp:paragraph {\"align\":\"right\",\"style\":{\"typography\":{\"lineHeight\":\"1.6\"},\"spacing\":{\"margin\":{\"top\":\"0\",\"right\":\"0\",\"bottom\":\"0\",\"left\":\"0\"},\"padding\":{\"top\":\"var:preset|spacing|50\",\"right\":\"var:preset|spacing|50\",\"bottom\":\"var:preset|spacing|50\",\"left\":\"var:preset|spacing|50\"}}}} -->\n<p class=\"has-text-align-right\" style=\"line-height: 1.6; padding: var(--wp--preset--spacing--50); margin: 0;\">A 2030, el OEUM ser\u00e1 reconocido\u00a0por sus aportes en materia de informaci\u00f3n y an\u00e1lisis sobre el estado del sistema educativo, y sus contribuciones a las apuestas institucionales y de los entes territoriales en el prop\u00f3sito de mejorar la calidad de la educaci\u00f3n, comprometidos con un departamento del Magdalena m\u00e1s educado.<\/p>\n<!-- \/wp:paragraph --><\/div>\n<figure class=\"wp-block-media-text__media\"><img decoding=\"async\" width=\"590\" height=\"364\" class=\"wp-image-440 size-full\" src=\"http:\/\/gice2.unimagdalena.edu.co\/wp\/wp-content\/uploads\/2023\/01\/Siembra_Vision-1.png\" alt=\"\" srcset=\"http:\/\/gice2.unimagdalena.edu.co\/wp\/wp-content\/uploads\/2023\/01\/Siembra_Vision-1.png 590w, http:\/\/gice2.unimagdalena.edu.co\/wp\/wp-content\/uploads\/2023\/01\/Siembra_Vision-1-300x185.png 300w\" sizes=\"(max-width: 590px) 100vw, 590px\" \/><\/figure>\n<\/div>\n<!-- \/wp:media-text --><!-- wp:table {\"hasFixedLayout\":false,\"style\":{\"border\":{\"width\":\"0px\",\"style\":\"none\"}}} -->\n<figure class=\"wp-block-table\">\n<table style=\"border-style: none; border-width: 0px;\">\n<tbody>\n<tr>\n<td>\u00a0<\/td>\n<\/tr>\n<\/tbody>\n<\/table>\n<\/figure>\n<!-- \/wp:table --><!-- wp:media-text {\"align\":\"wide\",\"mediaId\":419,\"mediaLink\":\"http:\/\/gice2.unimagdalena.edu.co\/wp\/?attachment_id=419\",\"mediaType\":\"image\",\"imageFill\":true,\"focalPoint\":{\"x\":0.5,\"y\":0.52},\"className\":\"animated fadeInLeft\",\"backgroundColor\":\"ast-global-color-4\"} -->\n<div class=\"wp-block-media-text alignwide is-stacked-on-mobile is-image-fill-element animated fadeInLeft has-ast-global-color-4-background-color has-background\">\n<figure class=\"wp-block-media-text__media\"><img decoding=\"async\" width=\"1000\" height=\"559\" class=\"wp-image-419 size-full\" style=\"object-position: 50% 52%;\" src=\"http:\/\/gice2.unimagdalena.edu.co\/wp\/wp-content\/uploads\/2023\/01\/Objetivos_OEUM.jpg\" alt=\"\" srcset=\"http:\/\/gice2.unimagdalena.edu.co\/wp\/wp-content\/uploads\/2023\/01\/Objetivos_OEUM.jpg 1000w, http:\/\/gice2.unimagdalena.edu.co\/wp\/wp-content\/uploads\/2023\/01\/Objetivos_OEUM-300x168.jpg 300w, http:\/\/gice2.unimagdalena.edu.co\/wp\/wp-content\/uploads\/2023\/01\/Objetivos_OEUM-768x429.jpg 768w\" sizes=\"(max-width: 1000px) 100vw, 1000px\" \/><\/figure>\n<div class=\"wp-block-media-text__content\">\n<p class=\"has-text-align-right has-large-font-size\" style=\"line-height: 0; padding: 0; margin: var(--wp--preset--spacing--50);\">\u00a0<\/p>\n<p class=\"has-ast-global-color-1-color has-text-color has-medium-font-size\" style=\"line-height: 0;\"><strong>Objetivo general<\/strong><\/p>\n<p style=\"line-height: 1.3;\">Divulgar informaci\u00f3n sobre el estado de desarrollo del sector educativo a nivel local, regional y nacional para contribuir con el an\u00e1lisis de los factores concurrentes que fundamenten propuestas de mejoramiento y cambio educativo.\u00a0\u00a0<\/p>\n<p class=\"has-ast-global-color-7-color has-text-color has-medium-font-size\" style=\"line-height: 0;\"><strong>Objetivos espec\u00edficos<\/strong><\/p>\n<p style=\"line-height: 1.3;\">Organizar bases de datos e indicadores que posibiliten el estudio, diagn\u00f3stico, an\u00e1lisis y prospectiva de la educaci\u00f3n en relaci\u00f3n con cobertura, equidad, gesti\u00f3n, calidad y eficiencia del sistema educativo.\u00a0<\/p>\n<p style=\"line-height: 1.3;\">Contribuir con una herramienta de consulta al an\u00e1lisis y procesamiento de datos sobre educaci\u00f3n por medio de la <em>web site<\/em> del OEUM.<\/p>\n<p style=\"line-height: 1.3;\">Divulgar informaci\u00f3n relacionada con cobertura, equidad, gesti\u00f3n, calidad y eficiencia del sistema educativo del departamento del Magdalena a trav\u00e9s de Boletines, eventos e informes del estado de la educaci\u00f3n.<\/p>\n<p style=\"line-height: 1.3;\">Participar en redes de organizaciones asociadas a la divulgaci\u00f3n de informaci\u00f3n sobre educaci\u00f3n<\/p>\n<\/div>\n<\/div>\n<!-- \/wp:heading --><!-- wp:paragraph --><!-- \/wp:paragraph -->\t\t\t\t\t\t<\/div>\n\t\t\t\t<\/div>\n\t\t\t\t\t<\/div>\n\t\t<\/div>\n\t\t\t\t\t<\/div>\n\t\t<\/section>\n\t\t\t\t<section class=\"elementor-section elementor-top-section elementor-element elementor-element-4e350ac elementor-section-full_width elementor-section-height-default elementor-section-height-default\" data-id=\"4e350ac\" data-element_type=\"section\">\n\t\t\t\t\t\t<div class=\"elementor-container elementor-column-gap-default\">\n\t\t\t\t\t<div class=\"elementor-column elementor-col-100 elementor-top-column elementor-element elementor-element-0f58f3a\" data-id=\"0f58f3a\" data-element_type=\"column\">\n\t\t\t<div class=\"elementor-widget-wrap elementor-element-populated\">\n\t\t\t\t\t\t<div class=\"elementor-element elementor-element-55b3c10 elementor-widget elementor-widget-text-editor\" data-id=\"55b3c10\" data-element_type=\"widget\" data-widget_type=\"text-editor.default\">\n\t\t\t\t<div class=\"elementor-widget-container\">\n\t\t\t\t\t\t\t<p style=\"text-align: right;\"><em><strong style=\"font-size: 1.1em; text-align: right;\">Toda la informaci\u00f3n referente a las Pruebas Saber<\/strong><strong style=\"font-size: 1.1em; text-align: right;\"> ha sido <\/strong><\/em><em><strong style=\"font-size: 1.1em; text-align: right;\">consolidada a <\/strong><strong style=\"font-size: 1.1em; text-align: right;\">partir de las bases de datos oficiales del ICFES.\u00a0 \u00a0 \u00a0 \u00a0 \u00a0 \u00a0 \u00a0 \u00a0 \u00a0 \u00a0 \u00a0 \u00a0 \u00a0<\/strong><\/em><\/p>\t\t\t\t\t\t<\/div>\n\t\t\t\t<\/div>\n\t\t\t\t\t<\/div>\n\t\t<\/div>\n\t\t\t\t\t<\/div>\n\t\t<\/section>\n\t\t\t\t<\/div>\n\t\t","protected":false},"excerpt":{"rendered":"<p>\u00a0 \u00a0 \u00a0 Misi\u00f3n OEUM es un espacio acad\u00e9mico donde se realizan estudios, procesamientos, an\u00e1lisis e interpretaci\u00f3n de datos sobre educaci\u00f3n que sirvan de fundamento para conocer el estado y proyecci\u00f3n del sistema en relaci\u00f3n con la cobertura, calidad, equidad, gesti\u00f3n y eficiencia, en la perspectiva de aportar a las pol\u00edticas, planes, cambio y mejoramiento [&hellip;]<\/p>\n","protected":false},"author":1,"featured_media":0,"parent":0,"menu_order":0,"comment_status":"closed","ping_status":"closed","template":"","meta":{"site-sidebar-layout":"default","site-content-layout":"","ast-site-content-layout":"default","site-content-style":"default","site-sidebar-style":"default","ast-global-header-display":"","ast-banner-title-visibility":"","ast-main-header-display":"","ast-hfb-above-header-display":"","ast-hfb-below-header-display":"","ast-hfb-mobile-header-display":"","site-post-title":"disabled","ast-breadcrumbs-content":"","ast-featured-img":"","footer-sml-layout":"","theme-transparent-header-meta":"","adv-header-id-meta":"","stick-header-meta":"","header-above-stick-meta":"","header-main-stick-meta":"","header-below-stick-meta":"","astra-migrate-meta-layouts":"set","ast-page-background-enabled":"default","ast-page-background-meta":{"desktop":{"background-color":"","background-image":"","background-repeat":"repeat","background-position":"center center","background-size":"auto","background-attachment":"scroll","background-type":"","background-media":"","overlay-type":"","overlay-color":"","overlay-gradient":""},"tablet":{"background-color":"","background-image":"","background-repeat":"repeat","background-position":"center center","background-size":"auto","background-attachment":"scroll","background-type":"","background-media":"","overlay-type":"","overlay-color":"","overlay-gradient":""},"mobile":{"background-color":"","background-image":"","background-repeat":"repeat","background-position":"center center","background-size":"auto","background-attachment":"scroll","background-type":"","background-media":"","overlay-type":"","overlay-color":"","overlay-gradient":""}},"ast-content-background-meta":{"desktop":{"background-color":"var(--ast-global-color-5)","background-image":"","background-repeat":"repeat","background-position":"center center","background-size":"auto","background-attachment":"scroll","background-type":"","background-media":"","overlay-type":"","overlay-color":"","overlay-gradient":""},"tablet":{"background-color":"var(--ast-global-color-5)","background-image":"","background-repeat":"repeat","background-position":"center center","background-size":"auto","background-attachment":"scroll","background-type":"","background-media":"","overlay-type":"","overlay-color":"","overlay-gradient":""},"mobile":{"background-color":"var(--ast-global-color-5)","background-image":"","background-repeat":"repeat","background-position":"center center","background-size":"auto","background-attachment":"scroll","background-type":"","background-media":"","overlay-type":"","overlay-color":"","overlay-gradient":""}},"footnotes":""},"class_list":["post-306","page","type-page","status-publish","hentry"],"_links":{"self":[{"href":"http:\/\/gice2.unimagdalena.edu.co\/wp\/index.php?rest_route=\/wp\/v2\/pages\/306","targetHints":{"allow":["GET"]}}],"collection":[{"href":"http:\/\/gice2.unimagdalena.edu.co\/wp\/index.php?rest_route=\/wp\/v2\/pages"}],"about":[{"href":"http:\/\/gice2.unimagdalena.edu.co\/wp\/index.php?rest_route=\/wp\/v2\/types\/page"}],"author":[{"embeddable":true,"href":"http:\/\/gice2.unimagdalena.edu.co\/wp\/index.php?rest_route=\/wp\/v2\/users\/1"}],"replies":[{"embeddable":true,"href":"http:\/\/gice2.unimagdalena.edu.co\/wp\/index.php?rest_route=%2Fwp%2Fv2%2Fcomments&post=306"}],"version-history":[{"count":35,"href":"http:\/\/gice2.unimagdalena.edu.co\/wp\/index.php?rest_route=\/wp\/v2\/pages\/306\/revisions"}],"predecessor-version":[{"id":1114,"href":"http:\/\/gice2.unimagdalena.edu.co\/wp\/index.php?rest_route=\/wp\/v2\/pages\/306\/revisions\/1114"}],"wp:attachment":[{"href":"http:\/\/gice2.unimagdalena.edu.co\/wp\/index.php?rest_route=%2Fwp%2Fv2%2Fmedia&parent=306"}],"curies":[{"name":"wp","href":"https:\/\/api.w.org\/{rel}","templated":true}]}}