{"id":308,"date":"2023-01-13T06:12:29","date_gmt":"2023-01-13T06:12:29","guid":{"rendered":"http:\/\/gice2.unimagdalena.edu.co\/wp\/?page_id=308"},"modified":"2025-02-05T21:23:00","modified_gmt":"2025-02-05T21:23:00","slug":"boletines","status":"publish","type":"page","link":"http:\/\/gice2.unimagdalena.edu.co\/wp\/?page_id=308","title":{"rendered":"Boletines"},"content":{"rendered":"\n<figure class=\"wp-block-table\"><table style=\"border-style:none;border-width:0px\"><tbody><tr><td><\/td><\/tr><\/tbody><\/table><\/figure>\n\n\n\n<figure style=\"line-height:1.2\" class=\"wp-block-table has-medium-font-size\"><table class=\"has-ast-global-color-8-color has-text-color\" style=\"border-style:none;border-width:0px\"><tbody><tr><td class=\"has-text-align-center\" data-align=\"center\"><strong>Bolet\u00edn Infogr\u00e1fico No. 4  <br>Resultados Saber 11 \/ 2024 ETC Santa Marta<\/strong><\/td><\/tr><tr><td class=\"has-text-align-center\" data-align=\"center\"><\/td><\/tr><\/tbody><\/table><\/figure>\n\n\n<div class=\"_df_book df-lite\" id=\"df_1076\"  data-title=\"\" _slug=\"1076\" wpoptions=\"true\" thumbtype=\"\" ><\/div><script class=\"df-shortcode-script\" type=\"application\/javascript\">window.option_df_1076 = {\"outline\":[],\"backgroundColor\":\"#FFFFFF\",\"autoEnableOutline\":\"false\",\"autoEnableThumbnail\":\"false\",\"overwritePDFOutline\":\"false\",\"direction\":\"1\",\"pageSize\":\"0\",\"source\":\"http:\\\/\\\/gice2.unimagdalena.edu.co\\\/wp\\\/wp-content\\\/uploads\\\/2025\\\/02\\\/BOLETIN-INFOGRAFICO-OEUM-ENERO-2025.pdf\",\"wpOptions\":\"true\"}; if(window.DFLIP && window.DFLIP.parseBooks){window.DFLIP.parseBooks();}<\/script>\n\n\n\n<hr class=\"wp-block-separator has-alpha-channel-opacity\"\/>\n\n\n\n<figure class=\"wp-block-table\"><table style=\"border-style:none;border-width:0px\"><tbody><tr><td><\/td><\/tr><\/tbody><\/table><\/figure>\n\n\n\n<figure style=\"line-height:1.2\" class=\"wp-block-table has-medium-font-size\"><table class=\"has-ast-global-color-8-color has-text-color\" style=\"border-style:none;border-width:0px\"><tbody><tr><td class=\"has-text-align-center\" data-align=\"center\"><strong>Bolet\u00edn Infogr\u00e1fico No. 3  <br>Resultados Saber 11 \/ 2022 Magdalena<\/strong><\/td><\/tr><tr><td class=\"has-text-align-center\" data-align=\"center\"><\/td><\/tr><\/tbody><\/table><\/figure>\n\n\n<div class=\"_df_book df-lite\" id=\"df_891\"  data-title=\"boletin-infografico-no-3\" _slug=\"boletin-infografico-no-3\" wpoptions=\"true\" thumbtype=\"\" ><\/div><script class=\"df-shortcode-script\" type=\"application\/javascript\">window.option_df_891 = {\"outline\":[],\"backgroundColor\":\"#ffff\",\"autoEnableOutline\":\"false\",\"autoEnableThumbnail\":\"false\",\"overwritePDFOutline\":\"false\",\"direction\":\"1\",\"pageSize\":\"0\",\"source\":\"http:\\\/\\\/gice2.unimagdalena.edu.co\\\/wp\\\/wp-content\\\/uploads\\\/2023\\\/05\\\/BOLETIN-INFOGRAFICO-3-9.pdf\",\"wpOptions\":\"true\"}; if(window.DFLIP && window.DFLIP.parseBooks){window.DFLIP.parseBooks();}<\/script>\n\n\n\n<figure class=\"wp-block-table\"><table style=\"border-style:none;border-width:0px\"><tbody><tr><td><\/td><\/tr><\/tbody><\/table><\/figure>\n\n\n\n<hr class=\"wp-block-separator has-alpha-channel-opacity\"\/>\n\n\n\n<figure class=\"wp-block-table\"><table style=\"border-style:none;border-width:0px\"><tbody><tr><td><\/td><\/tr><\/tbody><\/table><\/figure>\n\n\n\n<figure style=\"line-height:1.2\" class=\"wp-block-table has-medium-font-size\"><table class=\"has-ast-global-color-8-color has-text-color\" style=\"border-style:none;border-width:0px\"><tbody><tr><td class=\"has-text-align-center\" data-align=\"center\"><strong>Bolet\u00edn Infogr\u00e1fico No. 2 <\/strong><br><strong>Cobertura Educativa<\/strong> <\/td><\/tr><tr><td class=\"has-text-align-center\" data-align=\"center\"><\/td><\/tr><\/tbody><\/table><\/figure>\n\n\n<div class=\"_df_book df-lite\" id=\"df_506\"  data-title=\"boletin-infografico-no-2\" _slug=\"boletin-infografico-no-2\" wpoptions=\"true\" thumbtype=\"\" ><\/div><script class=\"df-shortcode-script\" type=\"application\/javascript\">window.option_df_506 = {\"outline\":[],\"backgroundColor\":\"#ffff\",\"autoEnableOutline\":\"false\",\"autoEnableThumbnail\":\"false\",\"overwritePDFOutline\":\"false\",\"direction\":\"1\",\"pageSize\":\"0\",\"source\":\"http:\\\/\\\/gice2.unimagdalena.edu.co\\\/wp\\\/wp-content\\\/uploads\\\/2023\\\/01\\\/CARTA-BOLETIN-INFOGRAFICO-2-2.pdf\",\"wpOptions\":\"true\"}; if(window.DFLIP && window.DFLIP.parseBooks){window.DFLIP.parseBooks();}<\/script>\n\n\n\n<figure class=\"wp-block-table\"><table style=\"border-style:none;border-width:0px\"><tbody><tr><td><\/td><\/tr><\/tbody><\/table><\/figure>\n\n\n\n<hr class=\"wp-block-separator has-alpha-channel-opacity\"\/>\n\n\n\n<figure class=\"wp-block-table\"><table style=\"border-style:none;border-width:0px\"><tbody><tr><td><\/td><\/tr><\/tbody><\/table><\/figure>\n\n\n\n<figure style=\"line-height:1.2\" class=\"wp-block-table has-medium-font-size\"><table class=\"has-ast-global-color-8-color has-text-color\" style=\"border-style:none;border-width:0px\"><tbody><tr><td class=\"has-text-align-center\" data-align=\"center\"><strong>Bolet\u00edn Infogr\u00e1fico No. 1  <br>Resultados Saber 11 \/ 2021 Magdalena<\/strong><\/td><\/tr><tr><td class=\"has-text-align-center\" data-align=\"center\"><\/td><\/tr><\/tbody><\/table><\/figure>\n\n\n<div class=\"_df_book df-lite\" id=\"df_365\"  data-title=\"boletin-inforgrafico-no-1\" _slug=\"365\" wpoptions=\"true\" thumbtype=\"\" ><\/div><script class=\"df-shortcode-script\" type=\"application\/javascript\">window.option_df_365 = {\"outline\":[],\"backgroundColor\":\"#ffff\",\"autoEnableOutline\":\"false\",\"autoEnableThumbnail\":\"false\",\"overwritePDFOutline\":\"false\",\"direction\":\"1\",\"pageSize\":\"0\",\"source\":\"http:\\\/\\\/gice2.unimagdalena.edu.co\\\/wp\\\/wp-content\\\/uploads\\\/2023\\\/01\\\/BOLETIN-INFOGRAFICO-1-3.pdf\",\"wpOptions\":\"true\"}; if(window.DFLIP && window.DFLIP.parseBooks){window.DFLIP.parseBooks();}<\/script>\n\n\n\n<figure class=\"wp-block-table\"><table style=\"border-style:none;border-width:0px\"><tbody><tr><td><\/td><\/tr><\/tbody><\/table><\/figure>\n\n\n\n<div class=\"inherit-container-width wp-block-group has-white-color has-text-color has-background has-link-color wp-elements-fe523bdd1f370571df792538cb077ff8 is-layout-constrained wp-container-core-group-is-layout-6df63753 wp-block-group-is-layout-constrained\" style=\"border-style:none;border-width:0px;background:linear-gradient(135deg,rgb(2,3,129) 100%,rgb(40,116,252) 100%);padding-top:1em;padding-right:0;padding-bottom:1em;padding-left:0\"><div class=\"wp-block-group__inner-container\">\n<div class=\"wp-block-columns is-layout-flex wp-container-core-columns-is-layout-28f84493 wp-block-columns-is-layout-flex\">\n<div class=\"wp-block-column is-layout-flow wp-block-column-is-layout-flow\">\n<figure class=\"wp-block-table has-small-font-size\" style=\"line-height:1.2\"><table class=\"has-ast-global-color-5-color has-text-color\" style=\"border-style:none;border-width:0px\"><tbody><tr><td class=\"has-text-align-right\" data-align=\"right\"><\/td><td class=\"has-text-align-center\" data-align=\"center\"><img fetchpriority=\"high\" decoding=\"async\" width=\"900\" height=\"90\" class=\"wp-image-657\" style=\"width: 900px;\" src=\"http:\/\/gice2.unimagdalena.edu.co\/wp\/wp-content\/uploads\/2023\/01\/PARTE-2-OEUM-WEB-1.png\" alt=\"\" srcset=\"http:\/\/gice2.unimagdalena.edu.co\/wp\/wp-content\/uploads\/2023\/01\/PARTE-2-OEUM-WEB-1.png 3000w, http:\/\/gice2.unimagdalena.edu.co\/wp\/wp-content\/uploads\/2023\/01\/PARTE-2-OEUM-WEB-1-300x30.png 300w, http:\/\/gice2.unimagdalena.edu.co\/wp\/wp-content\/uploads\/2023\/01\/PARTE-2-OEUM-WEB-1-1024x102.png 1024w, http:\/\/gice2.unimagdalena.edu.co\/wp\/wp-content\/uploads\/2023\/01\/PARTE-2-OEUM-WEB-1-768x77.png 768w, http:\/\/gice2.unimagdalena.edu.co\/wp\/wp-content\/uploads\/2023\/01\/PARTE-2-OEUM-WEB-1-1536x154.png 1536w, http:\/\/gice2.unimagdalena.edu.co\/wp\/wp-content\/uploads\/2023\/01\/PARTE-2-OEUM-WEB-1-2048x205.png 2048w\" sizes=\"(max-width: 900px) 100vw, 900px\" \/><\/td><td><\/td><\/tr><\/tbody><\/table><\/figure>\n<\/div>\n<\/div>\n<\/div><\/div>\n\n\n\n<div class=\"inherit-container-width wp-block-group has-white-color has-text-color has-background has-link-color wp-elements-ce06d8b621ec27a4f7e9304b2f2469f8 is-layout-constrained wp-container-core-group-is-layout-6df63753 wp-block-group-is-layout-constrained\" style=\"border-style:none;border-width:0px;background:linear-gradient(135deg,rgb(2,3,129) 100%,rgb(40,116,252) 100%);padding-top:1em;padding-right:0;padding-bottom:1em;padding-left:0\"><div class=\"wp-block-group__inner-container\">\n<div class=\"wp-block-columns is-layout-flex wp-container-core-columns-is-layout-28f84493 wp-block-columns-is-layout-flex\">\n<div class=\"wp-block-column is-layout-flow wp-block-column-is-layout-flow\">\n<figure class=\"wp-block-table has-small-font-size\" style=\"line-height:1.2\"><table class=\"has-ast-global-color-5-color has-text-color\" style=\"border-style:none;border-width:0px\"><tbody><tr><td class=\"has-text-align-right\" data-align=\"right\"><\/td><td class=\"has-text-align-center\" data-align=\"center\"><img decoding=\"async\" width=\"900\" height=\"90\" class=\"wp-image-645\" style=\"width: 900px;\" src=\"http:\/\/gice2.unimagdalena.edu.co\/wp\/wp-content\/uploads\/2023\/01\/1.png\" alt=\"\" srcset=\"http:\/\/gice2.unimagdalena.edu.co\/wp\/wp-content\/uploads\/2023\/01\/1.png 3000w, http:\/\/gice2.unimagdalena.edu.co\/wp\/wp-content\/uploads\/2023\/01\/1-300x30.png 300w, http:\/\/gice2.unimagdalena.edu.co\/wp\/wp-content\/uploads\/2023\/01\/1-1024x102.png 1024w, http:\/\/gice2.unimagdalena.edu.co\/wp\/wp-content\/uploads\/2023\/01\/1-768x77.png 768w, http:\/\/gice2.unimagdalena.edu.co\/wp\/wp-content\/uploads\/2023\/01\/1-1536x154.png 1536w, http:\/\/gice2.unimagdalena.edu.co\/wp\/wp-content\/uploads\/2023\/01\/1-2048x205.png 2048w\" sizes=\"(max-width: 900px) 100vw, 900px\" \/><\/td><td><\/td><\/tr><\/tbody><\/table><\/figure>\n<\/div>\n<\/div>\n<\/div><\/div>\n","protected":false},"excerpt":{"rendered":"<p>Bolet\u00edn Infogr\u00e1fico No. 4 Resultados Saber 11 \/ 2024 ETC Santa Marta Bolet\u00edn Infogr\u00e1fico No. 3 Resultados Saber 11 \/ 2022 Magdalena Bolet\u00edn Infogr\u00e1fico No. 2 Cobertura Educativa Bolet\u00edn Infogr\u00e1fico No. 1 Resultados Saber 11 \/ 2021 Magdalena<\/p>\n","protected":false},"author":1,"featured_media":0,"parent":0,"menu_order":0,"comment_status":"closed","ping_status":"closed","template":"","meta":{"site-sidebar-layout":"default","site-content-layout":"","ast-site-content-layout":"default","site-content-style":"default","site-sidebar-style":"default","ast-global-header-display":"","ast-banner-title-visibility":"","ast-main-header-display":"","ast-hfb-above-header-display":"","ast-hfb-below-header-display":"","ast-hfb-mobile-header-display":"","site-post-title":"","ast-breadcrumbs-content":"","ast-featured-img":"","footer-sml-layout":"","theme-transparent-header-meta":"","adv-header-id-meta":"","stick-header-meta":"","header-above-stick-meta":"","header-main-stick-meta":"","header-below-stick-meta":"","astra-migrate-meta-layouts":"set","ast-page-background-enabled":"default","ast-page-background-meta":{"desktop":{"background-color":"","background-image":"","background-repeat":"repeat","background-position":"center center","background-size":"auto","background-attachment":"scroll","background-type":"","background-media":"","overlay-type":"","overlay-color":"","overlay-gradient":""},"tablet":{"background-color":"","background-image":"","background-repeat":"repeat","background-position":"center center","background-size":"auto","background-attachment":"scroll","background-type":"","background-media":"","overlay-type":"","overlay-color":"","overlay-gradient":""},"mobile":{"background-color":"","background-image":"","background-repeat":"repeat","background-position":"center center","background-size":"auto","background-attachment":"scroll","background-type":"","background-media":"","overlay-type":"","overlay-color":"","overlay-gradient":""}},"ast-content-background-meta":{"desktop":{"background-color":"var(--ast-global-color-5)","background-image":"","background-repeat":"repeat","background-position":"center center","background-size":"auto","background-attachment":"scroll","background-type":"","background-media":"","overlay-type":"","overlay-color":"","overlay-gradient":""},"tablet":{"background-color":"var(--ast-global-color-5)","background-image":"","background-repeat":"repeat","background-position":"center center","background-size":"auto","background-attachment":"scroll","background-type":"","background-media":"","overlay-type":"","overlay-color":"","overlay-gradient":""},"mobile":{"background-color":"var(--ast-global-color-5)","background-image":"","background-repeat":"repeat","background-position":"center center","background-size":"auto","background-attachment":"scroll","background-type":"","background-media":"","overlay-type":"","overlay-color":"","overlay-gradient":""}},"footnotes":""},"class_list":["post-308","page","type-page","status-publish","hentry"],"_links":{"self":[{"href":"http:\/\/gice2.unimagdalena.edu.co\/wp\/index.php?rest_route=\/wp\/v2\/pages\/308","targetHints":{"allow":["GET"]}}],"collection":[{"href":"http:\/\/gice2.unimagdalena.edu.co\/wp\/index.php?rest_route=\/wp\/v2\/pages"}],"about":[{"href":"http:\/\/gice2.unimagdalena.edu.co\/wp\/index.php?rest_route=\/wp\/v2\/types\/page"}],"author":[{"embeddable":true,"href":"http:\/\/gice2.unimagdalena.edu.co\/wp\/index.php?rest_route=\/wp\/v2\/users\/1"}],"replies":[{"embeddable":true,"href":"http:\/\/gice2.unimagdalena.edu.co\/wp\/index.php?rest_route=%2Fwp%2Fv2%2Fcomments&post=308"}],"version-history":[{"count":17,"href":"http:\/\/gice2.unimagdalena.edu.co\/wp\/index.php?rest_route=\/wp\/v2\/pages\/308\/revisions"}],"predecessor-version":[{"id":1079,"href":"http:\/\/gice2.unimagdalena.edu.co\/wp\/index.php?rest_route=\/wp\/v2\/pages\/308\/revisions\/1079"}],"wp:attachment":[{"href":"http:\/\/gice2.unimagdalena.edu.co\/wp\/index.php?rest_route=%2Fwp%2Fv2%2Fmedia&parent=308"}],"curies":[{"name":"wp","href":"https:\/\/api.w.org\/{rel}","templated":true}]}}